{"id":361,"date":"2019-12-26T15:31:50","date_gmt":"2019-12-26T14:31:50","guid":{"rendered":"https:\/\/www.mudrseborova.sk\/?page_id=361"},"modified":"2020-07-28T19:14:32","modified_gmt":"2020-07-28T17:14:32","slug":"sluzby","status":"publish","type":"page","link":"https:\/\/www.mudrseborova.sk\/index.php\/sluzby\/","title":{"rendered":"Slu\u017eby"},"content":{"rendered":"\t\t<div data-elementor-type=\"wp-page\" data-elementor-id=\"361\" class=\"elementor elementor-361\">\n\t\t\t\t\t\t<section class=\"elementor-section elementor-top-section elementor-element elementor-element-609521e elementor-section-boxed elementor-section-height-default elementor-section-height-default\" data-id=\"609521e\" data-element_type=\"section\">\n\t\t\t\t\t\t<div class=\"elementor-container elementor-column-gap-default\">\n\t\t\t\t\t<div class=\"elementor-column elementor-col-33 elementor-top-column elementor-element elementor-element-a63b881\" data-id=\"a63b881\" data-element_type=\"column\">\n\t\t\t<div class=\"elementor-widget-wrap\">\n\t\t\t\t\t\t\t<\/div>\n\t\t<\/div>\n\t\t\t\t<div class=\"elementor-column elementor-col-66 elementor-top-column elementor-element elementor-element-5526ed2\" data-id=\"5526ed2\" data-element_type=\"column\">\n\t\t\t<div class=\"elementor-widget-wrap elementor-element-populated\">\n\t\t\t\t\t\t<div class=\"elementor-element elementor-element-93d7156 elementor-widget elementor-widget-heading\" data-id=\"93d7156\" data-element_type=\"widget\" data-widget_type=\"heading.default\">\n\t\t\t\t<div class=\"elementor-widget-container\">\n\t\t\t\t\t<h2 class=\"elementor-heading-title elementor-size-default\">Prevent\u00edvna stomatol\u00f3gia<\/h2>\t\t\t\t<\/div>\n\t\t\t\t<\/div>\n\t\t\t\t<div class=\"elementor-element elementor-element-af28e3e elementor-widget elementor-widget-text-editor\" data-id=\"af28e3e\" data-element_type=\"widget\" data-widget_type=\"text-editor.default\">\n\t\t\t\t<div class=\"elementor-widget-container\">\n\t\t\t\t\t\t\t\t\t<p>Prevencia je naj\u00fa\u010dinnej\u0161ia a z\u00e1rove\u0148 najlacnej\u0161ia lie\u010dba. Pri pravideln\u00fdch prevent\u00edvnych prehliadkach V\u00e1m nielen &#8222;spo\u010d\u00edtame&#8220; pr\u00edtomn\u00e9 kazy, ale najm\u00e4 V\u00e1m poskytneme potrebn\u00e9 inform\u00e1cie ako zabr\u00e1ni\u0165 ich vzniku. Na zachytenie za\u010d\u00ednaj\u00facich kazov pou\u017e\u00edvame modern\u00e9 diagnostick\u00e9 pr\u00edstroje ako detek\u010dn\u00fa lampu a digit\u00e1lne intraor\u00e1lne rtg. V\u00e4\u010d\u0161ine ochoren\u00ed zubov a \u010fasien sa d\u00e1 pred\u00eds\u0165 spr\u00e1vnou \u017eivotospr\u00e1vou a hygienou od prv\u00e9ho z\u00fabka, preto pou\u010denie od n\u00e1s dostan\u00fa tehotn\u00e9 pacientky a rodi\u010dia mal\u00fdch det\u00ed. Radi v na\u0161ej ambulancii priv\u00edtame deti \u010do naj\u00fatlej\u0161ieho veku, aby na\u0161\u00edm spolo\u010dn\u00fdm cie\u013eom boli zdrav\u00e9 a kr\u00e1sne zuby bez kazov a parodontit\u00eddy.\u00a0<\/p>\t\t\t\t\t\t\t\t<\/div>\n\t\t\t\t<\/div>\n\t\t\t\t\t<\/div>\n\t\t<\/div>\n\t\t\t\t\t<\/div>\n\t\t<\/section>\n\t\t\t\t<section class=\"elementor-section elementor-top-section elementor-element elementor-element-f6a98a0 elementor-section-boxed elementor-section-height-default elementor-section-height-default\" data-id=\"f6a98a0\" data-element_type=\"section\">\n\t\t\t\t\t\t<div class=\"elementor-container elementor-column-gap-default\">\n\t\t\t\t\t<div class=\"elementor-column elementor-col-66 elementor-top-column elementor-element elementor-element-23fd430\" data-id=\"23fd430\" data-element_type=\"column\">\n\t\t\t<div class=\"elementor-widget-wrap elementor-element-populated\">\n\t\t\t\t\t\t<div class=\"elementor-element elementor-element-0d33f06 elementor-widget elementor-widget-heading\" data-id=\"0d33f06\" data-element_type=\"widget\" data-widget_type=\"heading.default\">\n\t\t\t\t<div class=\"elementor-widget-container\">\n\t\t\t\t\t<h2 class=\"elementor-heading-title elementor-size-default\">Dent\u00e1lna hygiena<\/h2>\t\t\t\t<\/div>\n\t\t\t\t<\/div>\n\t\t\t\t<div class=\"elementor-element elementor-element-400d69c elementor-widget elementor-widget-text-editor\" data-id=\"400d69c\" data-element_type=\"widget\" data-widget_type=\"text-editor.default\">\n\t\t\t\t<div class=\"elementor-widget-container\">\n\t\t\t\t\t\t\t\t\t<p>Hlavnou pr\u00ed\u010dinou ochoren\u00ed tvrd\u00fdch aj m\u00e4kk\u00fdch zubn\u00fdch tkan\u00edv je zubn\u00fd povlak. V r\u00e1mci dent\u00e1lnej hygieny V\u00e1m nielen odstr\u00e1nime zubn\u00fd kame\u0148, pigment\u00e1cie a zubn\u00fd povlak, ale V\u00e1m aj odporu\u010d\u00edme vhodn\u00e9 pom\u00f4cky a spr\u00e1vnu techniku \u010distenia.\u00a0<\/p>\t\t\t\t\t\t\t\t<\/div>\n\t\t\t\t<\/div>\n\t\t\t\t\t<\/div>\n\t\t<\/div>\n\t\t\t\t<div class=\"elementor-column elementor-col-33 elementor-top-column elementor-element elementor-element-aa14c2f\" data-id=\"aa14c2f\" data-element_type=\"column\">\n\t\t\t<div class=\"elementor-widget-wrap\">\n\t\t\t\t\t\t\t<\/div>\n\t\t<\/div>\n\t\t\t\t\t<\/div>\n\t\t<\/section>\n\t\t\t\t<section class=\"elementor-section elementor-top-section elementor-element elementor-element-76f681f elementor-section-boxed elementor-section-height-default elementor-section-height-default\" data-id=\"76f681f\" data-element_type=\"section\">\n\t\t\t\t\t\t<div class=\"elementor-container elementor-column-gap-default\">\n\t\t\t\t\t<div class=\"elementor-column elementor-col-33 elementor-top-column elementor-element elementor-element-336f83d\" data-id=\"336f83d\" data-element_type=\"column\">\n\t\t\t<div class=\"elementor-widget-wrap\">\n\t\t\t\t\t\t\t<\/div>\n\t\t<\/div>\n\t\t\t\t<div class=\"elementor-column elementor-col-66 elementor-top-column elementor-element elementor-element-138e82a\" data-id=\"138e82a\" data-element_type=\"column\">\n\t\t\t<div class=\"elementor-widget-wrap elementor-element-populated\">\n\t\t\t\t\t\t<div class=\"elementor-element elementor-element-c1dd1f2 elementor-widget elementor-widget-heading\" data-id=\"c1dd1f2\" data-element_type=\"widget\" data-widget_type=\"heading.default\">\n\t\t\t\t<div class=\"elementor-widget-container\">\n\t\t\t\t\t<h2 class=\"elementor-heading-title elementor-size-default\">Stomatologick\u00e1 protetika<\/h2>\t\t\t\t<\/div>\n\t\t\t\t<\/div>\n\t\t\t\t<div class=\"elementor-element elementor-element-4f68f6f elementor-widget elementor-widget-text-editor\" data-id=\"4f68f6f\" data-element_type=\"widget\" data-widget_type=\"text-editor.default\">\n\t\t\t\t<div class=\"elementor-widget-container\">\n\t\t\t\t\t\t\t\t\t<p>Iba chrup bez medzier po ch\u00fdbaj\u00facich zuboch pln\u00ed svoju funkciu na 100%. Zn\u00ed\u017eenie \u017euvacej funkcie m\u00f4\u017ee vies\u0165 k poruch\u00e1m tr\u00e1venia potravy. Zanedbate\u013en\u00e1 ale nie je ani jeho estetick\u00e1 a fonetick\u00e1 funkcia. Ch\u00fdbaj\u00face zuby nahr\u00e1dzame fixn\u00fdmi ( korunky, most\u00edky ), sn\u00edmac\u00edmi ( \u010diasto\u010dn\u00fdmi , celkov\u00fdmi ) alebo kombinovan\u00fdmi zubn\u00fdmi n\u00e1hradami. Po\u010das zhotovovania definit\u00edvnej n\u00e1hrady m\u00e1 pacient n\u00e1hrady do\u010dasn\u00e9, tak\u017ee \u017eiadne obr\u00fasen\u00e9 ani ch\u00fdbaj\u00face zuby po extrakci\u00e1ch.\u00a0<\/p>\t\t\t\t\t\t\t\t<\/div>\n\t\t\t\t<\/div>\n\t\t\t\t\t<\/div>\n\t\t<\/div>\n\t\t\t\t\t<\/div>\n\t\t<\/section>\n\t\t\t\t<section class=\"elementor-section elementor-top-section elementor-element elementor-element-1d4c8c7 elementor-section-boxed elementor-section-height-default elementor-section-height-default\" data-id=\"1d4c8c7\" data-element_type=\"section\">\n\t\t\t\t\t\t<div class=\"elementor-container elementor-column-gap-default\">\n\t\t\t\t\t<div class=\"elementor-column elementor-col-66 elementor-top-column elementor-element elementor-element-ad344b4\" data-id=\"ad344b4\" data-element_type=\"column\">\n\t\t\t<div class=\"elementor-widget-wrap elementor-element-populated\">\n\t\t\t\t\t\t<div class=\"elementor-element elementor-element-a0372bd elementor-widget elementor-widget-heading\" data-id=\"a0372bd\" data-element_type=\"widget\" data-widget_type=\"heading.default\">\n\t\t\t\t<div class=\"elementor-widget-container\">\n\t\t\t\t\t<h2 class=\"elementor-heading-title elementor-size-default\">Z\u00e1chovn\u00e1 stomatol\u00f3gia<\/h2>\t\t\t\t<\/div>\n\t\t\t\t<\/div>\n\t\t\t\t<div class=\"elementor-element elementor-element-f54b222 elementor-widget elementor-widget-text-editor\" data-id=\"f54b222\" data-element_type=\"widget\" data-widget_type=\"text-editor.default\">\n\t\t\t\t<div class=\"elementor-widget-container\">\n\t\t\t\t\t\t\t\t\t<p>O\u0161etrenie zubov postihnut\u00fdch kazom, z\u00e1palom zubn\u00e9ho nervu alebo \u00farazom V\u00e1m zachov\u00e1 funk\u010dn\u00fd chrup \u010do najdlh\u0161ie. Pou\u017e\u00edvame modern\u00e9 pr\u00edstroje a kvalitn\u00e9 materi\u00e1ly.<\/p>\t\t\t\t\t\t\t\t<\/div>\n\t\t\t\t<\/div>\n\t\t\t\t\t<\/div>\n\t\t<\/div>\n\t\t\t\t<div class=\"elementor-column elementor-col-33 elementor-top-column elementor-element elementor-element-221e432\" data-id=\"221e432\" data-element_type=\"column\">\n\t\t\t<div class=\"elementor-widget-wrap\">\n\t\t\t\t\t\t\t<\/div>\n\t\t<\/div>\n\t\t\t\t\t<\/div>\n\t\t<\/section>\n\t\t\t\t<section class=\"elementor-section elementor-top-section elementor-element elementor-element-eed7a6c elementor-section-boxed elementor-section-height-default elementor-section-height-default\" data-id=\"eed7a6c\" data-element_type=\"section\">\n\t\t\t\t\t\t<div class=\"elementor-container elementor-column-gap-default\">\n\t\t\t\t\t<div class=\"elementor-column elementor-col-33 elementor-top-column elementor-element elementor-element-ed9dec4\" data-id=\"ed9dec4\" data-element_type=\"column\">\n\t\t\t<div class=\"elementor-widget-wrap\">\n\t\t\t\t\t\t\t<\/div>\n\t\t<\/div>\n\t\t\t\t<div class=\"elementor-column elementor-col-66 elementor-top-column elementor-element elementor-element-c91f379\" data-id=\"c91f379\" data-element_type=\"column\">\n\t\t\t<div class=\"elementor-widget-wrap elementor-element-populated\">\n\t\t\t\t\t\t<div class=\"elementor-element elementor-element-b6a2387 elementor-widget elementor-widget-heading\" data-id=\"b6a2387\" data-element_type=\"widget\" data-widget_type=\"heading.default\">\n\t\t\t\t<div class=\"elementor-widget-container\">\n\t\t\t\t\t<h2 class=\"elementor-heading-title elementor-size-default\">O\u0161etrenie det\u00ed<\/h2>\t\t\t\t<\/div>\n\t\t\t\t<\/div>\n\t\t\t\t<div class=\"elementor-element elementor-element-096f61e elementor-widget elementor-widget-text-editor\" data-id=\"096f61e\" data-element_type=\"widget\" data-widget_type=\"text-editor.default\">\n\t\t\t\t<div class=\"elementor-widget-container\">\n\t\t\t\t\t\t\t\t\t<p>Systematick\u00e1 zdravotn\u00e1 starostlivos\u0165 o dutinu \u00fastnu od narodenia je z\u00e1kladn\u00fdm predpokladom zdrav\u00fdch zubov po cel\u00fd \u017eivot. Pom\u00e1ha pred\u00eds\u0165 mnoh\u00fdm \u0165a\u017ekostiam v detskom aj dospelom veku. Sna\u017e\u00edme sa aby n\u00e1v\u0161teva zubnej ambulancie nebola pre na\u0161ich mal\u00fdch pacientov stresuj\u00faca a preto odpor\u00fa\u010dame, aby n\u00e1s deti nav\u0161t\u00edvili aj &#8222;ke\u010f ni\u010d netreba robi\u0165 &#8222;. Za\u010d\u00edname so zozn\u00e1men\u00edm s lek\u00e1rom, sestrou, prostred\u00edm, pr\u00edstrojmi, n\u00e1strojmi a zvukmi v ambulancii. \u010cisten\u00edm z\u00fabkov pripravujeme deti na pr\u00edpadn\u00e9 o\u0161etrenie kaz\u00edkov. Pri pravideln\u00fdch n\u00e1v\u0161tev\u00e1ch sa n\u00e1jdu naozaj mali\u010dk\u00e9 a ich o\u0161etrenie je r\u00fdchle, \u0161etrn\u00e9 a bezbolestn\u00e9.\u00a0<\/p>\t\t\t\t\t\t\t\t<\/div>\n\t\t\t\t<\/div>\n\t\t\t\t\t<\/div>\n\t\t<\/div>\n\t\t\t\t\t<\/div>\n\t\t<\/section>\n\t\t\t\t<\/div>\n\t\t","protected":false},"excerpt":{"rendered":"<p>Prevent\u00edvna stomatol\u00f3gia Prevencia je naj\u00fa\u010dinnej\u0161ia a z\u00e1rove\u0148 najlacnej\u0161ia lie\u010dba. Pri pravideln\u00fdch prevent\u00edvnych prehliadkach V\u00e1m nielen &#8222;spo\u010d\u00edtame&#8220; pr\u00edtomn\u00e9 kazy, ale najm\u00e4 [&hellip;]<\/p>\n","protected":false},"author":2,"featured_media":0,"parent":0,"menu_order":0,"comment_status":"closed","ping_status":"closed","template":"page-templates\/template_fullwidth.php","meta":{"_monsterinsights_skip_tracking":false,"_monsterinsights_sitenote_active":false,"_monsterinsights_sitenote_note":"","_monsterinsights_sitenote_category":0,"footnotes":""},"class_list":["post-361","page","type-page","status-publish","hentry"],"yoast_head":"<!-- This site is optimized with the Yoast SEO plugin v24.7 - https:\/\/yoast.com\/wordpress\/plugins\/seo\/ -->\n<title>Slu\u017eby &#8212; MUDr. Andrea \u0160eborov\u00e1<\/title>\n<meta name=\"robots\" content=\"index, follow, max-snippet:-1, max-image-preview:large, max-video-preview:-1\" \/>\n<link rel=\"canonical\" href=\"https:\/\/www.mudrseborova.sk\/index.php\/sluzby\/\" \/>\n<meta property=\"og:locale\" content=\"sk_SK\" \/>\n<meta property=\"og:type\" content=\"article\" \/>\n<meta property=\"og:title\" content=\"Slu\u017eby &#8212; MUDr. Andrea \u0160eborov\u00e1\" \/>\n<meta property=\"og:description\" content=\"Prevent\u00edvna stomatol\u00f3gia Prevencia je naj\u00fa\u010dinnej\u0161ia a z\u00e1rove\u0148 najlacnej\u0161ia lie\u010dba. Pri pravideln\u00fdch prevent\u00edvnych prehliadkach V\u00e1m nielen &#8222;spo\u010d\u00edtame&#8220; pr\u00edtomn\u00e9 kazy, ale najm\u00e4 [&hellip;]\" \/>\n<meta property=\"og:url\" content=\"https:\/\/www.mudrseborova.sk\/index.php\/sluzby\/\" \/>\n<meta property=\"og:site_name\" content=\"MUDr. Andrea \u0160eborov\u00e1\" \/>\n<meta property=\"article:modified_time\" content=\"2020-07-28T17:14:32+00:00\" \/>\n<meta name=\"twitter:card\" content=\"summary_large_image\" \/>\n<meta name=\"twitter:label1\" content=\"Predpokladan\u00fd \u010das \u010d\u00edtania\" \/>\n\t<meta name=\"twitter:data1\" content=\"2 min\u00faty\" \/>\n<script type=\"application\/ld+json\" class=\"yoast-schema-graph\">{\"@context\":\"https:\/\/schema.org\",\"@graph\":[{\"@type\":\"WebPage\",\"@id\":\"https:\/\/www.mudrseborova.sk\/index.php\/sluzby\/\",\"url\":\"https:\/\/www.mudrseborova.sk\/index.php\/sluzby\/\",\"name\":\"Slu\u017eby &#8212; MUDr. Andrea \u0160eborov\u00e1\",\"isPartOf\":{\"@id\":\"https:\/\/www.mudrseborova.sk\/#website\"},\"datePublished\":\"2019-12-26T14:31:50+00:00\",\"dateModified\":\"2020-07-28T17:14:32+00:00\",\"breadcrumb\":{\"@id\":\"https:\/\/www.mudrseborova.sk\/index.php\/sluzby\/#breadcrumb\"},\"inLanguage\":\"sk-SK\",\"potentialAction\":[{\"@type\":\"ReadAction\",\"target\":[\"https:\/\/www.mudrseborova.sk\/index.php\/sluzby\/\"]}]},{\"@type\":\"BreadcrumbList\",\"@id\":\"https:\/\/www.mudrseborova.sk\/index.php\/sluzby\/#breadcrumb\",\"itemListElement\":[{\"@type\":\"ListItem\",\"position\":1,\"name\":\"Home\",\"item\":\"https:\/\/www.mudrseborova.sk\/\"},{\"@type\":\"ListItem\",\"position\":2,\"name\":\"Slu\u017eby\"}]},{\"@type\":\"WebSite\",\"@id\":\"https:\/\/www.mudrseborova.sk\/#website\",\"url\":\"https:\/\/www.mudrseborova.sk\/\",\"name\":\"MUDr. Andrea \u0160eborov\u00e1\",\"description\":\"S\u00fakromn\u00e1 zubn\u00e1 ambulancia\",\"publisher\":{\"@id\":\"https:\/\/www.mudrseborova.sk\/#organization\"},\"potentialAction\":[{\"@type\":\"SearchAction\",\"target\":{\"@type\":\"EntryPoint\",\"urlTemplate\":\"https:\/\/www.mudrseborova.sk\/?s={search_term_string}\"},\"query-input\":{\"@type\":\"PropertyValueSpecification\",\"valueRequired\":true,\"valueName\":\"search_term_string\"}}],\"inLanguage\":\"sk-SK\"},{\"@type\":\"Organization\",\"@id\":\"https:\/\/www.mudrseborova.sk\/#organization\",\"name\":\"MUDr. Andrea \u0160eborov\u00e1 - Zubn\u00e1 ambulancia Modra\",\"url\":\"https:\/\/www.mudrseborova.sk\/\",\"logo\":{\"@type\":\"ImageObject\",\"inLanguage\":\"sk-SK\",\"@id\":\"https:\/\/www.mudrseborova.sk\/#\/schema\/logo\/image\/\",\"url\":\"https:\/\/www.mudrseborova.sk\/wp-content\/uploads\/2020\/01\/School-of-dentistry-4.png\",\"contentUrl\":\"https:\/\/www.mudrseborova.sk\/wp-content\/uploads\/2020\/01\/School-of-dentistry-4.png\",\"width\":500,\"height\":500,\"caption\":\"MUDr. Andrea \u0160eborov\u00e1 - Zubn\u00e1 ambulancia Modra\"},\"image\":{\"@id\":\"https:\/\/www.mudrseborova.sk\/#\/schema\/logo\/image\/\"}}]}<\/script>\n<!-- \/ Yoast SEO plugin. -->","yoast_head_json":{"title":"Slu\u017eby &#8212; MUDr. Andrea \u0160eborov\u00e1","robots":{"index":"index","follow":"follow","max-snippet":"max-snippet:-1","max-image-preview":"max-image-preview:large","max-video-preview":"max-video-preview:-1"},"canonical":"https:\/\/www.mudrseborova.sk\/index.php\/sluzby\/","og_locale":"sk_SK","og_type":"article","og_title":"Slu\u017eby &#8212; MUDr. Andrea \u0160eborov\u00e1","og_description":"Prevent\u00edvna stomatol\u00f3gia Prevencia je naj\u00fa\u010dinnej\u0161ia a z\u00e1rove\u0148 najlacnej\u0161ia lie\u010dba. Pri pravideln\u00fdch prevent\u00edvnych prehliadkach V\u00e1m nielen &#8222;spo\u010d\u00edtame&#8220; pr\u00edtomn\u00e9 kazy, ale najm\u00e4 [&hellip;]","og_url":"https:\/\/www.mudrseborova.sk\/index.php\/sluzby\/","og_site_name":"MUDr. Andrea \u0160eborov\u00e1","article_modified_time":"2020-07-28T17:14:32+00:00","twitter_card":"summary_large_image","twitter_misc":{"Predpokladan\u00fd \u010das \u010d\u00edtania":"2 min\u00faty"},"schema":{"@context":"https:\/\/schema.org","@graph":[{"@type":"WebPage","@id":"https:\/\/www.mudrseborova.sk\/index.php\/sluzby\/","url":"https:\/\/www.mudrseborova.sk\/index.php\/sluzby\/","name":"Slu\u017eby &#8212; MUDr. Andrea \u0160eborov\u00e1","isPartOf":{"@id":"https:\/\/www.mudrseborova.sk\/#website"},"datePublished":"2019-12-26T14:31:50+00:00","dateModified":"2020-07-28T17:14:32+00:00","breadcrumb":{"@id":"https:\/\/www.mudrseborova.sk\/index.php\/sluzby\/#breadcrumb"},"inLanguage":"sk-SK","potentialAction":[{"@type":"ReadAction","target":["https:\/\/www.mudrseborova.sk\/index.php\/sluzby\/"]}]},{"@type":"BreadcrumbList","@id":"https:\/\/www.mudrseborova.sk\/index.php\/sluzby\/#breadcrumb","itemListElement":[{"@type":"ListItem","position":1,"name":"Home","item":"https:\/\/www.mudrseborova.sk\/"},{"@type":"ListItem","position":2,"name":"Slu\u017eby"}]},{"@type":"WebSite","@id":"https:\/\/www.mudrseborova.sk\/#website","url":"https:\/\/www.mudrseborova.sk\/","name":"MUDr. Andrea \u0160eborov\u00e1","description":"S\u00fakromn\u00e1 zubn\u00e1 ambulancia","publisher":{"@id":"https:\/\/www.mudrseborova.sk\/#organization"},"potentialAction":[{"@type":"SearchAction","target":{"@type":"EntryPoint","urlTemplate":"https:\/\/www.mudrseborova.sk\/?s={search_term_string}"},"query-input":{"@type":"PropertyValueSpecification","valueRequired":true,"valueName":"search_term_string"}}],"inLanguage":"sk-SK"},{"@type":"Organization","@id":"https:\/\/www.mudrseborova.sk\/#organization","name":"MUDr. Andrea \u0160eborov\u00e1 - Zubn\u00e1 ambulancia Modra","url":"https:\/\/www.mudrseborova.sk\/","logo":{"@type":"ImageObject","inLanguage":"sk-SK","@id":"https:\/\/www.mudrseborova.sk\/#\/schema\/logo\/image\/","url":"https:\/\/www.mudrseborova.sk\/wp-content\/uploads\/2020\/01\/School-of-dentistry-4.png","contentUrl":"https:\/\/www.mudrseborova.sk\/wp-content\/uploads\/2020\/01\/School-of-dentistry-4.png","width":500,"height":500,"caption":"MUDr. Andrea \u0160eborov\u00e1 - Zubn\u00e1 ambulancia Modra"},"image":{"@id":"https:\/\/www.mudrseborova.sk\/#\/schema\/logo\/image\/"}}]}},"_links":{"self":[{"href":"https:\/\/www.mudrseborova.sk\/index.php\/wp-json\/wp\/v2\/pages\/361","targetHints":{"allow":["GET"]}}],"collection":[{"href":"https:\/\/www.mudrseborova.sk\/index.php\/wp-json\/wp\/v2\/pages"}],"about":[{"href":"https:\/\/www.mudrseborova.sk\/index.php\/wp-json\/wp\/v2\/types\/page"}],"author":[{"embeddable":true,"href":"https:\/\/www.mudrseborova.sk\/index.php\/wp-json\/wp\/v2\/users\/2"}],"replies":[{"embeddable":true,"href":"https:\/\/www.mudrseborova.sk\/index.php\/wp-json\/wp\/v2\/comments?post=361"}],"version-history":[{"count":2,"href":"https:\/\/www.mudrseborova.sk\/index.php\/wp-json\/wp\/v2\/pages\/361\/revisions"}],"predecessor-version":[{"id":364,"href":"https:\/\/www.mudrseborova.sk\/index.php\/wp-json\/wp\/v2\/pages\/361\/revisions\/364"}],"wp:attachment":[{"href":"https:\/\/www.mudrseborova.sk\/index.php\/wp-json\/wp\/v2\/media?parent=361"}],"curies":[{"name":"wp","href":"https:\/\/api.w.org\/{rel}","templated":true}]}}