{"id":3,"date":"2019-12-18T23:38:20","date_gmt":"2019-12-18T22:38:20","guid":{"rendered":"https:\/\/www.mudrseborova.sk\/?page_id=3"},"modified":"2019-12-21T10:26:00","modified_gmt":"2019-12-21T09:26:00","slug":"ochrana-sukromia","status":"publish","type":"page","link":"https:\/\/www.mudrseborova.sk\/index.php\/ochrana-sukromia\/","title":{"rendered":"Z\u00e1sady ochrany osobn\u00fdch \u00fadajov"},"content":{"rendered":"\n<h3 class=\"wp-block-heading\">Vlo\u017een\u00fd obsah z in\u00fdch webov\u00fdch str\u00e1nok<\/h3>\n\n\n\n<p>\u010cl\u00e1nky na tejto webovej str\u00e1nke m\u00f4\u017eu obsahova\u0165 vlo\u017een\u00fd obsah (napr. vide\u00e1, obr\u00e1zky, \u010dl\u00e1nky a podobne). Vlo\u017een\u00fd obsah z in\u00fdch str\u00e1nok sa chov\u00e1 rovnako, akoby n\u00e1v\u0161tevn\u00edk nav\u0161t\u00edvil in\u00fa webov\u00fa str\u00e1nku. <\/p>\n\n\n\n<p>Tieto webov\u00e9 str\u00e1nky m\u00f4\u017eu o v\u00e1s zbiera\u0165 osobn\u00e9 \u00fadaje, pou\u017e\u00edva\u0165 s\u00fabory cookies, vklada\u0165 tre\u0165o-strann\u00e9 sledovanie a monitorova\u0165 va\u0161u interakciu s vlo\u017een\u00fdm obsahom, v\u010detne sledovania va\u0161ej interakcie s vlo\u017een\u00fdm obsahom, ak na danej webovej str\u00e1nke m\u00e1te \u00fa\u010det a ste prihl\u00e1sen\u00fd. <\/p>\n\n\n\n<p><\/p>\n","protected":false},"excerpt":{"rendered":"<p>Vlo\u017een\u00fd obsah z in\u00fdch webov\u00fdch str\u00e1nok \u010cl\u00e1nky na tejto webovej str\u00e1nke m\u00f4\u017eu obsahova\u0165 vlo\u017een\u00fd obsah (napr. vide\u00e1, obr\u00e1zky, \u010dl\u00e1nky a [&hellip;]<\/p>\n","protected":false},"author":2,"featured_media":0,"parent":0,"menu_order":0,"comment_status":"closed","ping_status":"open","template":"","meta":{"_monsterinsights_skip_tracking":false,"_monsterinsights_sitenote_active":false,"_monsterinsights_sitenote_note":"","_monsterinsights_sitenote_category":0,"footnotes":""},"class_list":["post-3","page","type-page","status-publish","hentry"],"yoast_head":"<!-- This site is optimized with the Yoast SEO plugin v24.7 - https:\/\/yoast.com\/wordpress\/plugins\/seo\/ -->\n<title>Z\u00e1sady ochrany osobn\u00fdch \u00fadajov &#8212; MUDr. Andrea \u0160eborov\u00e1<\/title>\n<meta name=\"robots\" content=\"index, follow, max-snippet:-1, max-image-preview:large, max-video-preview:-1\" \/>\n<link rel=\"canonical\" href=\"https:\/\/www.mudrseborova.sk\/index.php\/ochrana-sukromia\/\" \/>\n<meta property=\"og:locale\" content=\"sk_SK\" \/>\n<meta property=\"og:type\" content=\"article\" \/>\n<meta property=\"og:title\" content=\"Z\u00e1sady ochrany osobn\u00fdch \u00fadajov &#8212; MUDr. Andrea \u0160eborov\u00e1\" \/>\n<meta property=\"og:description\" content=\"Vlo\u017een\u00fd obsah z in\u00fdch webov\u00fdch str\u00e1nok \u010cl\u00e1nky na tejto webovej str\u00e1nke m\u00f4\u017eu obsahova\u0165 vlo\u017een\u00fd obsah (napr. vide\u00e1, obr\u00e1zky, \u010dl\u00e1nky a [&hellip;]\" \/>\n<meta property=\"og:url\" content=\"https:\/\/www.mudrseborova.sk\/index.php\/ochrana-sukromia\/\" \/>\n<meta property=\"og:site_name\" content=\"MUDr. Andrea \u0160eborov\u00e1\" \/>\n<meta property=\"article:modified_time\" content=\"2019-12-21T09:26:00+00:00\" \/>\n<meta name=\"twitter:card\" content=\"summary_large_image\" \/>\n<meta name=\"twitter:label1\" content=\"Predpokladan\u00fd \u010das \u010d\u00edtania\" \/>\n\t<meta name=\"twitter:data1\" content=\"1 min\u00fata\" \/>\n<script type=\"application\/ld+json\" class=\"yoast-schema-graph\">{\"@context\":\"https:\/\/schema.org\",\"@graph\":[{\"@type\":\"WebPage\",\"@id\":\"https:\/\/www.mudrseborova.sk\/index.php\/ochrana-sukromia\/\",\"url\":\"https:\/\/www.mudrseborova.sk\/index.php\/ochrana-sukromia\/\",\"name\":\"Z\u00e1sady ochrany osobn\u00fdch \u00fadajov &#8212; MUDr. Andrea \u0160eborov\u00e1\",\"isPartOf\":{\"@id\":\"https:\/\/www.mudrseborova.sk\/#website\"},\"datePublished\":\"2019-12-18T22:38:20+00:00\",\"dateModified\":\"2019-12-21T09:26:00+00:00\",\"breadcrumb\":{\"@id\":\"https:\/\/www.mudrseborova.sk\/index.php\/ochrana-sukromia\/#breadcrumb\"},\"inLanguage\":\"sk-SK\",\"potentialAction\":[{\"@type\":\"ReadAction\",\"target\":[\"https:\/\/www.mudrseborova.sk\/index.php\/ochrana-sukromia\/\"]}]},{\"@type\":\"BreadcrumbList\",\"@id\":\"https:\/\/www.mudrseborova.sk\/index.php\/ochrana-sukromia\/#breadcrumb\",\"itemListElement\":[{\"@type\":\"ListItem\",\"position\":1,\"name\":\"Home\",\"item\":\"https:\/\/www.mudrseborova.sk\/\"},{\"@type\":\"ListItem\",\"position\":2,\"name\":\"Z\u00e1sady ochrany osobn\u00fdch \u00fadajov\"}]},{\"@type\":\"WebSite\",\"@id\":\"https:\/\/www.mudrseborova.sk\/#website\",\"url\":\"https:\/\/www.mudrseborova.sk\/\",\"name\":\"MUDr. Andrea \u0160eborov\u00e1\",\"description\":\"S\u00fakromn\u00e1 zubn\u00e1 ambulancia\",\"publisher\":{\"@id\":\"https:\/\/www.mudrseborova.sk\/#organization\"},\"potentialAction\":[{\"@type\":\"SearchAction\",\"target\":{\"@type\":\"EntryPoint\",\"urlTemplate\":\"https:\/\/www.mudrseborova.sk\/?s={search_term_string}\"},\"query-input\":{\"@type\":\"PropertyValueSpecification\",\"valueRequired\":true,\"valueName\":\"search_term_string\"}}],\"inLanguage\":\"sk-SK\"},{\"@type\":\"Organization\",\"@id\":\"https:\/\/www.mudrseborova.sk\/#organization\",\"name\":\"MUDr. Andrea \u0160eborov\u00e1 - Zubn\u00e1 ambulancia Modra\",\"url\":\"https:\/\/www.mudrseborova.sk\/\",\"logo\":{\"@type\":\"ImageObject\",\"inLanguage\":\"sk-SK\",\"@id\":\"https:\/\/www.mudrseborova.sk\/#\/schema\/logo\/image\/\",\"url\":\"https:\/\/www.mudrseborova.sk\/wp-content\/uploads\/2020\/01\/School-of-dentistry-4.png\",\"contentUrl\":\"https:\/\/www.mudrseborova.sk\/wp-content\/uploads\/2020\/01\/School-of-dentistry-4.png\",\"width\":500,\"height\":500,\"caption\":\"MUDr. Andrea \u0160eborov\u00e1 - Zubn\u00e1 ambulancia Modra\"},\"image\":{\"@id\":\"https:\/\/www.mudrseborova.sk\/#\/schema\/logo\/image\/\"}}]}<\/script>\n<!-- \/ Yoast SEO plugin. -->","yoast_head_json":{"title":"Z\u00e1sady ochrany osobn\u00fdch \u00fadajov &#8212; MUDr. Andrea \u0160eborov\u00e1","robots":{"index":"index","follow":"follow","max-snippet":"max-snippet:-1","max-image-preview":"max-image-preview:large","max-video-preview":"max-video-preview:-1"},"canonical":"https:\/\/www.mudrseborova.sk\/index.php\/ochrana-sukromia\/","og_locale":"sk_SK","og_type":"article","og_title":"Z\u00e1sady ochrany osobn\u00fdch \u00fadajov &#8212; MUDr. Andrea \u0160eborov\u00e1","og_description":"Vlo\u017een\u00fd obsah z in\u00fdch webov\u00fdch str\u00e1nok \u010cl\u00e1nky na tejto webovej str\u00e1nke m\u00f4\u017eu obsahova\u0165 vlo\u017een\u00fd obsah (napr. vide\u00e1, obr\u00e1zky, \u010dl\u00e1nky a [&hellip;]","og_url":"https:\/\/www.mudrseborova.sk\/index.php\/ochrana-sukromia\/","og_site_name":"MUDr. Andrea \u0160eborov\u00e1","article_modified_time":"2019-12-21T09:26:00+00:00","twitter_card":"summary_large_image","twitter_misc":{"Predpokladan\u00fd \u010das \u010d\u00edtania":"1 min\u00fata"},"schema":{"@context":"https:\/\/schema.org","@graph":[{"@type":"WebPage","@id":"https:\/\/www.mudrseborova.sk\/index.php\/ochrana-sukromia\/","url":"https:\/\/www.mudrseborova.sk\/index.php\/ochrana-sukromia\/","name":"Z\u00e1sady ochrany osobn\u00fdch \u00fadajov &#8212; MUDr. Andrea \u0160eborov\u00e1","isPartOf":{"@id":"https:\/\/www.mudrseborova.sk\/#website"},"datePublished":"2019-12-18T22:38:20+00:00","dateModified":"2019-12-21T09:26:00+00:00","breadcrumb":{"@id":"https:\/\/www.mudrseborova.sk\/index.php\/ochrana-sukromia\/#breadcrumb"},"inLanguage":"sk-SK","potentialAction":[{"@type":"ReadAction","target":["https:\/\/www.mudrseborova.sk\/index.php\/ochrana-sukromia\/"]}]},{"@type":"BreadcrumbList","@id":"https:\/\/www.mudrseborova.sk\/index.php\/ochrana-sukromia\/#breadcrumb","itemListElement":[{"@type":"ListItem","position":1,"name":"Home","item":"https:\/\/www.mudrseborova.sk\/"},{"@type":"ListItem","position":2,"name":"Z\u00e1sady ochrany osobn\u00fdch \u00fadajov"}]},{"@type":"WebSite","@id":"https:\/\/www.mudrseborova.sk\/#website","url":"https:\/\/www.mudrseborova.sk\/","name":"MUDr. Andrea \u0160eborov\u00e1","description":"S\u00fakromn\u00e1 zubn\u00e1 ambulancia","publisher":{"@id":"https:\/\/www.mudrseborova.sk\/#organization"},"potentialAction":[{"@type":"SearchAction","target":{"@type":"EntryPoint","urlTemplate":"https:\/\/www.mudrseborova.sk\/?s={search_term_string}"},"query-input":{"@type":"PropertyValueSpecification","valueRequired":true,"valueName":"search_term_string"}}],"inLanguage":"sk-SK"},{"@type":"Organization","@id":"https:\/\/www.mudrseborova.sk\/#organization","name":"MUDr. Andrea \u0160eborov\u00e1 - Zubn\u00e1 ambulancia Modra","url":"https:\/\/www.mudrseborova.sk\/","logo":{"@type":"ImageObject","inLanguage":"sk-SK","@id":"https:\/\/www.mudrseborova.sk\/#\/schema\/logo\/image\/","url":"https:\/\/www.mudrseborova.sk\/wp-content\/uploads\/2020\/01\/School-of-dentistry-4.png","contentUrl":"https:\/\/www.mudrseborova.sk\/wp-content\/uploads\/2020\/01\/School-of-dentistry-4.png","width":500,"height":500,"caption":"MUDr. Andrea \u0160eborov\u00e1 - Zubn\u00e1 ambulancia Modra"},"image":{"@id":"https:\/\/www.mudrseborova.sk\/#\/schema\/logo\/image\/"}}]}},"_links":{"self":[{"href":"https:\/\/www.mudrseborova.sk\/index.php\/wp-json\/wp\/v2\/pages\/3","targetHints":{"allow":["GET"]}}],"collection":[{"href":"https:\/\/www.mudrseborova.sk\/index.php\/wp-json\/wp\/v2\/pages"}],"about":[{"href":"https:\/\/www.mudrseborova.sk\/index.php\/wp-json\/wp\/v2\/types\/page"}],"author":[{"embeddable":true,"href":"https:\/\/www.mudrseborova.sk\/index.php\/wp-json\/wp\/v2\/users\/2"}],"replies":[{"embeddable":true,"href":"https:\/\/www.mudrseborova.sk\/index.php\/wp-json\/wp\/v2\/comments?post=3"}],"version-history":[{"count":2,"href":"https:\/\/www.mudrseborova.sk\/index.php\/wp-json\/wp\/v2\/pages\/3\/revisions"}],"predecessor-version":[{"id":299,"href":"https:\/\/www.mudrseborova.sk\/index.php\/wp-json\/wp\/v2\/pages\/3\/revisions\/299"}],"wp:attachment":[{"href":"https:\/\/www.mudrseborova.sk\/index.php\/wp-json\/wp\/v2\/media?parent=3"}],"curies":[{"name":"wp","href":"https:\/\/api.w.org\/{rel}","templated":true}]}}