{"id":144,"date":"2018-08-07T10:50:47","date_gmt":"2018-08-07T10:50:47","guid":{"rendered":"http:\/\/demo.athemes.com\/atu-agency\/?page_id=144"},"modified":"2019-12-22T22:55:47","modified_gmt":"2019-12-22T21:55:47","slug":"contact","status":"publish","type":"page","link":"https:\/\/www.mudrseborova.sk\/index.php\/contact\/","title":{"rendered":"Contact"},"content":{"rendered":"\t\t<div data-elementor-type=\"wp-post\" data-elementor-id=\"144\" class=\"elementor elementor-144\">\n\t\t\t\t\t\t<section class=\"elementor-section elementor-top-section elementor-element elementor-element-6352347f elementor-section-boxed elementor-section-height-default elementor-section-height-default\" data-id=\"6352347f\" data-element_type=\"section\">\n\t\t\t\t\t\t<div class=\"elementor-container elementor-column-gap-wider\">\n\t\t\t\t\t<div class=\"elementor-column elementor-col-50 elementor-top-column elementor-element elementor-element-54047305\" data-id=\"54047305\" data-element_type=\"column\">\n\t\t\t<div class=\"elementor-widget-wrap elementor-element-populated\">\n\t\t\t\t\t\t<div class=\"elementor-element elementor-element-3b109a3f elementor-widget elementor-widget-heading\" data-id=\"3b109a3f\" data-element_type=\"widget\" data-widget_type=\"heading.default\">\n\t\t\t\t<div class=\"elementor-widget-container\">\n\t\t\t\t\t<h2 class=\"elementor-heading-title elementor-size-default\">Kontakt na n\u00e1s<\/h2>\t\t\t\t<\/div>\n\t\t\t\t<\/div>\n\t\t\t\t<div class=\"elementor-element elementor-element-193e2a1 elementor-widget elementor-widget-text-editor\" data-id=\"193e2a1\" data-element_type=\"widget\" data-widget_type=\"text-editor.default\">\n\t\t\t\t<div class=\"elementor-widget-container\">\n\t\t\t\t\t\t\t\t\t<p>Na\u0161a ambulancia sa nach\u00e1dza na n\u00e1mest\u00ed v Modre na \u0160t\u00farovej 60.<\/p><p>Na n\u00e1mest\u00ed je mo\u017en\u00e9 zaparkova\u0165 za poplatok (cez pracovn\u00e9 dni v \u010dase od 8:00 do 16:30).<br \/>Parkovn\u00e9 sa d\u00e1 zaplati\u0165<\/p><ul><li>v parkovacom automate v bl\u00edzkosti ambulancie<br \/><strong>0,30\u20ac\/hod<\/strong>\u00a0<\/li><li>cez SMS v tvare <strong>MO A1 [EV\u010c]<\/strong> na \u010d\u00edslo 2200<br \/><strong>0,50\u20ac\/hod<\/strong><\/li><li>cez aplik\u00e1ciu\u00a0<a href=\"https:\/\/parkdots.com\/sk\/\" target=\"_blank\" rel=\"noopener\">ParkDots\u00a0<\/a>pomocou platobnej karty<br \/><strong>0,35\u20ac\/hod<\/strong><\/li><\/ul>\t\t\t\t\t\t\t\t<\/div>\n\t\t\t\t<\/div>\n\t\t\t\t<div class=\"elementor-element elementor-element-0882676 elementor-widget elementor-widget-heading\" data-id=\"0882676\" data-element_type=\"widget\" data-widget_type=\"heading.default\">\n\t\t\t\t<div class=\"elementor-widget-container\">\n\t\t\t\t\t<h5 class=\"elementor-heading-title elementor-size-default\">Adresa ambulancie<\/h5>\t\t\t\t<\/div>\n\t\t\t\t<\/div>\n\t\t\t\t<div class=\"elementor-element elementor-element-49c39f0 elementor-widget elementor-widget-text-editor\" data-id=\"49c39f0\" data-element_type=\"widget\" data-widget_type=\"text-editor.default\">\n\t\t\t\t<div class=\"elementor-widget-container\">\n\t\t\t\t\t\t\t\t\t<p><a href=\"https:\/\/goo.gl\/maps\/a7M8HLsM7GVG38Ez9\">\u0160t\u00farova 60, 900 01 Modra<\/a><\/p>\t\t\t\t\t\t\t\t<\/div>\n\t\t\t\t<\/div>\n\t\t\t\t<div class=\"elementor-element elementor-element-d9031c1 elementor-widget elementor-widget-heading\" data-id=\"d9031c1\" data-element_type=\"widget\" data-widget_type=\"heading.default\">\n\t\t\t\t<div class=\"elementor-widget-container\">\n\t\t\t\t\t<h5 class=\"elementor-heading-title elementor-size-default\">Emailov\u00fd kontakt<\/h5>\t\t\t\t<\/div>\n\t\t\t\t<\/div>\n\t\t\t\t<div class=\"elementor-element elementor-element-56b71c4 elementor-widget elementor-widget-text-editor\" data-id=\"56b71c4\" data-element_type=\"widget\" data-widget_type=\"text-editor.default\">\n\t\t\t\t<div class=\"elementor-widget-container\">\n\t\t\t\t\t\t\t\t\t<p><a href=\"mailto:kontakt@mudrseborova.sk\">kontakt@mudrseborova.sk<\/a><\/p>\t\t\t\t\t\t\t\t<\/div>\n\t\t\t\t<\/div>\n\t\t\t\t<div class=\"elementor-element elementor-element-3055b98 elementor-widget elementor-widget-heading\" data-id=\"3055b98\" data-element_type=\"widget\" data-widget_type=\"heading.default\">\n\t\t\t\t<div class=\"elementor-widget-container\">\n\t\t\t\t\t<h5 class=\"elementor-heading-title elementor-size-default\">Telef\u00f3n<\/h5>\t\t\t\t<\/div>\n\t\t\t\t<\/div>\n\t\t\t\t<div class=\"elementor-element elementor-element-7bb71d3 elementor-widget elementor-widget-text-editor\" data-id=\"7bb71d3\" data-element_type=\"widget\" data-widget_type=\"text-editor.default\">\n\t\t\t\t<div class=\"elementor-widget-container\">\n\t\t\t\t\t\t\t\t\t<p><a href=\"tel:033 647 3328\">033 647 3328<\/a><\/p>\t\t\t\t\t\t\t\t<\/div>\n\t\t\t\t<\/div>\n\t\t\t\t<div class=\"elementor-element elementor-element-38a21f6 elementor-widget elementor-widget-html\" data-id=\"38a21f6\" data-element_type=\"widget\" data-widget_type=\"html.default\">\n\t\t\t\t<div class=\"elementor-widget-container\">\n\t\t\t\t\t<iframe data-src=\"https:\/\/www.google.com\/maps\/embed?pb=!1m18!1m12!1m3!1d2652.282726571458!2d17.308754552050534!3d48.3358707452049!2m3!1f0!2f0!3f0!3m2!1i1024!2i768!4f13.1!3m3!1m2!1s0x476c979d9aae99d5%3A0x8359ed5d4a76640d!2s%C5%A0eborov%C3%A1%20Andrea%20MUDr.!5e0!3m2!1ssk!2ssk!4v1576875315352!5m2!1ssk!2ssk\" width=\"600\" height=\"450\" frameborder=\"0\" style=\"border:0;\" allowfullscreen=\"\" src=\"data:image\/gif;base64,R0lGODlhAQABAAAAACH5BAEKAAEALAAAAAABAAEAAAICTAEAOw==\" class=\"lazyload\" data-load-mode=\"1\"><\/iframe>\t\t\t\t<\/div>\n\t\t\t\t<\/div>\n\t\t\t\t\t<\/div>\n\t\t<\/div>\n\t\t\t\t<div class=\"elementor-column elementor-col-50 elementor-top-column elementor-element elementor-element-e1d50ce\" data-id=\"e1d50ce\" data-element_type=\"column\">\n\t\t\t<div class=\"elementor-widget-wrap elementor-element-populated\">\n\t\t\t\t\t\t<div class=\"elementor-element elementor-element-18c7a2a elementor-widget elementor-widget-heading\" data-id=\"18c7a2a\" data-element_type=\"widget\" data-widget_type=\"heading.default\">\n\t\t\t\t<div class=\"elementor-widget-container\">\n\t\t\t\t\t<h2 class=\"elementor-heading-title elementor-size-default\">Objednajte sa<\/h2>\t\t\t\t<\/div>\n\t\t\t\t<\/div>\n\t\t\t\t<div class=\"elementor-element elementor-element-e2fa7f2 elementor-widget elementor-widget-text-editor\" data-id=\"e2fa7f2\" data-element_type=\"widget\" data-widget_type=\"text-editor.default\">\n\t\t\t\t<div class=\"elementor-widget-container\">\n\t\t\t\t\t\t\t\t\t<p>V bolestiv\u00fdch pr\u00edpadoch preferujeme aby ste n\u00e1s kontaktovali telefonicky. Cez email alebo formul\u00e1r negarantujeme okam\u017eit\u00fa odpove\u010f.<\/p>\t\t\t\t\t\t\t\t<\/div>\n\t\t\t\t<\/div>\n\t\t\t\t<div class=\"elementor-element elementor-element-6250a6c elementor-widget elementor-widget-wp-widget-ninja_forms_widget\" data-id=\"6250a6c\" data-element_type=\"widget\" data-widget_type=\"wp-widget-ninja_forms_widget.default\">\n\t\t\t\t<div class=\"elementor-widget-container\">\n\t\t\t\t\t<noscript class=\"ninja-forms-noscript-message\">\n\tNotice: JavaScript is required for this content.<\/noscript>\n<div id=\"nf-form-3-cont\" class=\"nf-form-cont\" aria-live=\"polite\" aria-labelledby=\"nf-form-title-3\" aria-describedby=\"nf-form-errors-3\" role=\"form\">\n\n    <div class=\"nf-loading-spinner\"><\/div>\n\n<\/div>\n        <!-- That data is being printed as a workaround to page builders reordering the order of the scripts loaded-->\n        <script>var formDisplay=1;var nfForms=nfForms||[];var form=[];form.id='3';form.settings={\"objectType\":\"Form Setting\",\"editActive\":true,\"title\":\"Objednavka\",\"show_title\":0,\"allow_public_link\":0,\"embed_form\":\"\",\"clear_complete\":1,\"hide_complete\":1,\"default_label_pos\":\"above\",\"wrapper_class\":\"\",\"element_class\":\"\",\"key\":\"\",\"add_submit\":0,\"changeEmailErrorMsg\":\"Zadajte platn\\u00fa emailov\\u00fa adresu.\",\"changeDateErrorMsg\":\"Zadajte platn\\u00fd d\\u00e1tum.\",\"confirmFieldErrorMsg\":\"These fields must match!\",\"fieldNumberNumMinError\":\"Number Min Error\",\"fieldNumberNumMaxError\":\"Number Max Error\",\"fieldNumberIncrementBy\":\"Please increment by \",\"formErrorsCorrectErrors\":\"Please correct errors before submitting this form.\",\"validateRequiredField\":\"Toto pole mus\\u00ed by\\u0165 vyplnen\\u00e9.\",\"honeypotHoneypotError\":\"Honeypot Error\",\"fieldsMarkedRequired\":\"Polia ozna\\u010den\\u00e9 hviezdi\\u010dkou s\\u00fa povinn\\u00e9\",\"currency\":\"\",\"unique_field_error\":\"A form with this value has already been submitted.\",\"logged_in\":false,\"not_logged_in_msg\":\"\",\"sub_limit_msg\":\"The form has reached its submission limit.\",\"calculations\":[],\"formContentData\":[\"meno_a_priezvisko_1576920510657\",\"telefonne_cislo_1576920529416\",\"email_1576920686004\",\"ako_vam_mozeme_pomoct_1576920707499\",\"kedy_vam_to_najviac_vyhovuje_1576920753513\",\"o_kolkej_1576920768800\",\"odoslat_so_suhlasom_so_spracovanim_zadanych_udajov_1764781064705\"],\"drawerDisabled\":false,\"public_link\":\"https:\\\/\\\/www.mudrseborova.sk\\\/ninja-forms\\\/3ipwf\",\"public_link_key\":\"3ipwf\",\"form_title_heading_level\":\"3\",\"ninjaForms\":\"Ninja Forms\",\"fieldTextareaRTEInsertLink\":\"Insert Link\",\"fieldTextareaRTEInsertMedia\":\"Insert Media\",\"fieldTextareaRTESelectAFile\":\"Select a file\",\"formHoneypot\":\"If you are a human seeing this field, please leave it empty.\",\"fileUploadOldCodeFileUploadInProgress\":\"File Upload in Progress.\",\"fileUploadOldCodeFileUpload\":\"FILE UPLOAD\",\"currencySymbol\":\"&#36;\",\"thousands_sep\":\"&nbsp;\",\"decimal_point\":\",\",\"siteLocale\":\"sk_SK\",\"dateFormat\":\"m\\\/d\\\/Y\",\"startOfWeek\":\"1\",\"of\":\"of\",\"previousMonth\":\"Previous Month\",\"nextMonth\":\"Next Month\",\"months\":[\"January\",\"February\",\"March\",\"April\",\"May\",\"June\",\"July\",\"August\",\"September\",\"October\",\"November\",\"December\"],\"monthsShort\":[\"Jan\",\"Feb\",\"Mar\",\"Apr\",\"May\",\"Jun\",\"Jul\",\"Aug\",\"Sep\",\"Oct\",\"Nov\",\"Dec\"],\"weekdays\":[\"Sunday\",\"Monday\",\"Tuesday\",\"Wednesday\",\"Thursday\",\"Friday\",\"Saturday\"],\"weekdaysShort\":[\"Sun\",\"Mon\",\"Tue\",\"Wed\",\"Thu\",\"Fri\",\"Sat\"],\"weekdaysMin\":[\"Su\",\"Mo\",\"Tu\",\"We\",\"Th\",\"Fr\",\"Sa\"],\"recaptchaConsentMissing\":\"reCaptcha validation couldn&#039;t load.\",\"recaptchaMissingCookie\":\"reCaptcha v3 validation couldn&#039;t load the cookie needed to submit the form.\",\"recaptchaConsentEvent\":\"Accept reCaptcha cookies before sending the form.\",\"currency_symbol\":\"\",\"beforeForm\":\"\",\"beforeFields\":\"\",\"afterFields\":\"\",\"afterForm\":\"\"};form.fields=[{\"objectType\":\"Field\",\"objectDomain\":\"fields\",\"editActive\":false,\"order\":1,\"idAttribute\":\"id\",\"label\":\"Meno a priezvisko\",\"type\":\"textbox\",\"key\":\"meno_a_priezvisko_1576920510657\",\"label_pos\":\"above\",\"required\":0,\"default\":\"\",\"placeholder\":\"\",\"container_class\":\"\",\"element_class\":\"\",\"input_limit\":\"\",\"input_limit_type\":\"characters\",\"input_limit_msg\":\"Character(s) left\",\"manual_key\":false,\"admin_label\":\"\",\"help_text\":\"\",\"mask\":\"\",\"custom_mask\":\"\",\"custom_name_attribute\":\"\",\"personally_identifiable\":\"\",\"value\":\"\",\"drawerDisabled\":false,\"id\":15,\"beforeField\":\"\",\"afterField\":\"\",\"parentType\":\"textbox\",\"element_templates\":[\"textbox\",\"input\"],\"old_classname\":\"\",\"wrap_template\":\"wrap\"},{\"objectType\":\"Field\",\"objectDomain\":\"fields\",\"editActive\":false,\"order\":2,\"idAttribute\":\"id\",\"label\":\"Telef\\u00f3nne \\u010d\\u00edslo\",\"type\":\"phone\",\"key\":\"telefonne_cislo_1576920529416\",\"label_pos\":\"above\",\"required\":0,\"default\":421,\"placeholder\":421,\"container_class\":\"\",\"element_class\":\"\",\"input_limit\":\"\",\"input_limit_type\":\"characters\",\"input_limit_msg\":\"Character(s) left\",\"manual_key\":false,\"admin_label\":\"\",\"help_text\":\"\",\"mask\":\"\",\"custom_mask\":\"\",\"custom_name_attribute\":\"phone\",\"personally_identifiable\":1,\"value\":\"421\",\"drawerDisabled\":false,\"id\":16,\"beforeField\":\"\",\"afterField\":\"\",\"parentType\":\"textbox\",\"element_templates\":[\"tel\",\"textbox\",\"input\"],\"old_classname\":\"\",\"wrap_template\":\"wrap\"},{\"objectType\":\"Field\",\"objectDomain\":\"fields\",\"editActive\":false,\"order\":3,\"idAttribute\":\"id\",\"label\":\"Email\",\"type\":\"textbox\",\"key\":\"email_1576920686004\",\"label_pos\":\"above\",\"required\":0,\"default\":\"\",\"placeholder\":\"\",\"container_class\":\"\",\"element_class\":\"\",\"input_limit\":\"\",\"input_limit_type\":\"characters\",\"input_limit_msg\":\"Character(s) left\",\"manual_key\":false,\"admin_label\":\"\",\"help_text\":\"\",\"mask\":\"\",\"custom_mask\":\"\",\"custom_name_attribute\":\"\",\"personally_identifiable\":\"\",\"value\":\"\",\"drawerDisabled\":false,\"id\":17,\"beforeField\":\"\",\"afterField\":\"\",\"parentType\":\"textbox\",\"element_templates\":[\"textbox\",\"input\"],\"old_classname\":\"\",\"wrap_template\":\"wrap\"},{\"objectType\":\"Field\",\"objectDomain\":\"fields\",\"editActive\":false,\"order\":5,\"idAttribute\":\"id\",\"label\":\"Ako V\\u00e1m m\\u00f4\\u017eeme pom\\u00f4c\\u0165?\",\"type\":\"textarea\",\"key\":\"ako_vam_mozeme_pomoct_1576920707499\",\"label_pos\":\"above\",\"required\":0,\"default\":\"\",\"placeholder\":\"\",\"container_class\":\"\",\"element_class\":\"\",\"input_limit\":\"\",\"input_limit_type\":\"characters\",\"input_limit_msg\":\"Character(s) left\",\"manual_key\":false,\"admin_label\":\"\",\"help_text\":\"\",\"textarea_rte\":\"\",\"disable_rte_mobile\":\"\",\"textarea_media\":\"\",\"value\":\"\",\"drawerDisabled\":false,\"id\":18,\"beforeField\":\"\",\"afterField\":\"\",\"parentType\":\"textarea\",\"element_templates\":[\"textarea\",\"input\"],\"old_classname\":\"\",\"wrap_template\":\"wrap\"},{\"objectType\":\"Field\",\"objectDomain\":\"fields\",\"editActive\":false,\"order\":6,\"idAttribute\":\"id\",\"label\":\"Kedy V\\u00e1m to najviac vyhovuje?\",\"type\":\"date\",\"key\":\"kedy_vam_to_najviac_vyhovuje_1576920753513\",\"label_pos\":\"above\",\"required\":false,\"placeholder\":\"\",\"container_class\":\"\",\"element_class\":\"\",\"manual_key\":false,\"admin_label\":\"\",\"help_text\":\"\",\"date_format\":\"DD.MM.YYYY\",\"year_range_start\":\"\",\"year_range_end\":\"\",\"drawerDisabled\":false,\"date_mode\":\"date_only\",\"hours_24\":0,\"minute_increment\":5,\"id\":19,\"beforeField\":\"\",\"afterField\":\"\",\"value\":\"\",\"parentType\":\"date\",\"element_templates\":[\"date\",\"textbox\",\"input\"],\"old_classname\":\"\",\"wrap_template\":\"wrap\"},{\"objectType\":\"Field\",\"objectDomain\":\"fields\",\"editActive\":false,\"order\":7,\"idAttribute\":\"id\",\"label\":\"O ko\\u013ekej?\",\"type\":\"textbox\",\"key\":\"o_kolkej_1576920768800\",\"label_pos\":\"above\",\"required\":0,\"default\":\"\",\"placeholder\":\"\",\"container_class\":\"\",\"element_class\":\"\",\"input_limit\":\"\",\"input_limit_type\":\"characters\",\"input_limit_msg\":\"Character(s) left\",\"manual_key\":false,\"admin_label\":\"\",\"help_text\":\"\",\"mask\":\"\",\"custom_mask\":\"\",\"custom_name_attribute\":\"\",\"personally_identifiable\":\"\",\"value\":\"\",\"drawerDisabled\":false,\"id\":20,\"beforeField\":\"\",\"afterField\":\"\",\"parentType\":\"textbox\",\"element_templates\":[\"textbox\",\"input\"],\"old_classname\":\"\",\"wrap_template\":\"wrap\"},{\"objectType\":\"Field\",\"objectDomain\":\"fields\",\"editActive\":false,\"order\":9,\"idAttribute\":\"id\",\"label\":\"Odosla\\u0165 so s\\u00fahlasom so spracovan\\u00edm zadan\\u00fdch \\u00fadajov\",\"type\":\"submit\",\"processing_label\":\"Odosiela sa\",\"container_class\":\"\",\"element_class\":\"\",\"key\":\"odoslat_so_suhlasom_so_spracovanim_zadanych_udajov_1764781064705\",\"drawerDisabled\":false,\"admin_label\":\"\",\"id\":23,\"beforeField\":\"\",\"afterField\":\"\",\"value\":\"\",\"label_pos\":\"above\",\"parentType\":\"textbox\",\"element_templates\":[\"submit\",\"button\",\"input\"],\"old_classname\":\"\",\"wrap_template\":\"wrap-no-label\"}];nfForms.push(form);<\/script>\n        \t\t\t\t<\/div>\n\t\t\t\t<\/div>\n\t\t\t\t\t<\/div>\n\t\t<\/div>\n\t\t\t\t\t<\/div>\n\t\t<\/section>\n\t\t\t\t<\/div>\n\t\t","protected":false},"excerpt":{"rendered":"<p>Kontakt na n\u00e1s Na\u0161a ambulancia sa nach\u00e1dza na n\u00e1mest\u00ed v Modre na \u0160t\u00farovej 60. Na n\u00e1mest\u00ed je mo\u017en\u00e9 zaparkova\u0165 za [&hellip;]<\/p>\n","protected":false},"author":2,"featured_media":0,"parent":0,"menu_order":0,"comment_status":"closed","ping_status":"closed","template":"elementor_header_footer","meta":{"_monsterinsights_skip_tracking":false,"_monsterinsights_sitenote_active":false,"_monsterinsights_sitenote_note":"","_monsterinsights_sitenote_category":0,"footnotes":""},"class_list":["post-144","page","type-page","status-publish","hentry"],"yoast_head":"<!-- This site is optimized with the Yoast SEO plugin v24.7 - https:\/\/yoast.com\/wordpress\/plugins\/seo\/ -->\n<title>Contact &#8212; MUDr. Andrea \u0160eborov\u00e1<\/title>\n<meta name=\"robots\" content=\"index, follow, max-snippet:-1, max-image-preview:large, max-video-preview:-1\" \/>\n<link rel=\"canonical\" href=\"https:\/\/www.mudrseborova.sk\/index.php\/contact\/\" \/>\n<meta property=\"og:locale\" content=\"sk_SK\" \/>\n<meta property=\"og:type\" content=\"article\" \/>\n<meta property=\"og:title\" content=\"Contact &#8212; MUDr. Andrea \u0160eborov\u00e1\" \/>\n<meta property=\"og:description\" content=\"Kontakt na n\u00e1s Na\u0161a ambulancia sa nach\u00e1dza na n\u00e1mest\u00ed v Modre na \u0160t\u00farovej 60. Na n\u00e1mest\u00ed je mo\u017en\u00e9 zaparkova\u0165 za [&hellip;]\" \/>\n<meta property=\"og:url\" content=\"https:\/\/www.mudrseborova.sk\/index.php\/contact\/\" \/>\n<meta property=\"og:site_name\" content=\"MUDr. Andrea \u0160eborov\u00e1\" \/>\n<meta property=\"article:modified_time\" content=\"2019-12-22T21:55:47+00:00\" \/>\n<meta name=\"twitter:card\" content=\"summary_large_image\" \/>\n<script type=\"application\/ld+json\" class=\"yoast-schema-graph\">{\"@context\":\"https:\/\/schema.org\",\"@graph\":[{\"@type\":\"WebPage\",\"@id\":\"https:\/\/www.mudrseborova.sk\/index.php\/contact\/\",\"url\":\"https:\/\/www.mudrseborova.sk\/index.php\/contact\/\",\"name\":\"Contact &#8212; MUDr. Andrea \u0160eborov\u00e1\",\"isPartOf\":{\"@id\":\"https:\/\/www.mudrseborova.sk\/#website\"},\"datePublished\":\"2018-08-07T10:50:47+00:00\",\"dateModified\":\"2019-12-22T21:55:47+00:00\",\"breadcrumb\":{\"@id\":\"https:\/\/www.mudrseborova.sk\/index.php\/contact\/#breadcrumb\"},\"inLanguage\":\"sk-SK\",\"potentialAction\":[{\"@type\":\"ReadAction\",\"target\":[\"https:\/\/www.mudrseborova.sk\/index.php\/contact\/\"]}]},{\"@type\":\"BreadcrumbList\",\"@id\":\"https:\/\/www.mudrseborova.sk\/index.php\/contact\/#breadcrumb\",\"itemListElement\":[{\"@type\":\"ListItem\",\"position\":1,\"name\":\"Home\",\"item\":\"https:\/\/www.mudrseborova.sk\/\"},{\"@type\":\"ListItem\",\"position\":2,\"name\":\"Contact\"}]},{\"@type\":\"WebSite\",\"@id\":\"https:\/\/www.mudrseborova.sk\/#website\",\"url\":\"https:\/\/www.mudrseborova.sk\/\",\"name\":\"MUDr. Andrea \u0160eborov\u00e1\",\"description\":\"S\u00fakromn\u00e1 zubn\u00e1 ambulancia\",\"publisher\":{\"@id\":\"https:\/\/www.mudrseborova.sk\/#organization\"},\"potentialAction\":[{\"@type\":\"SearchAction\",\"target\":{\"@type\":\"EntryPoint\",\"urlTemplate\":\"https:\/\/www.mudrseborova.sk\/?s={search_term_string}\"},\"query-input\":{\"@type\":\"PropertyValueSpecification\",\"valueRequired\":true,\"valueName\":\"search_term_string\"}}],\"inLanguage\":\"sk-SK\"},{\"@type\":\"Organization\",\"@id\":\"https:\/\/www.mudrseborova.sk\/#organization\",\"name\":\"MUDr. Andrea \u0160eborov\u00e1 - Zubn\u00e1 ambulancia Modra\",\"url\":\"https:\/\/www.mudrseborova.sk\/\",\"logo\":{\"@type\":\"ImageObject\",\"inLanguage\":\"sk-SK\",\"@id\":\"https:\/\/www.mudrseborova.sk\/#\/schema\/logo\/image\/\",\"url\":\"https:\/\/www.mudrseborova.sk\/wp-content\/uploads\/2020\/01\/School-of-dentistry-4.png\",\"contentUrl\":\"https:\/\/www.mudrseborova.sk\/wp-content\/uploads\/2020\/01\/School-of-dentistry-4.png\",\"width\":500,\"height\":500,\"caption\":\"MUDr. Andrea \u0160eborov\u00e1 - Zubn\u00e1 ambulancia Modra\"},\"image\":{\"@id\":\"https:\/\/www.mudrseborova.sk\/#\/schema\/logo\/image\/\"}}]}<\/script>\n<!-- \/ Yoast SEO plugin. -->","yoast_head_json":{"title":"Contact &#8212; MUDr. Andrea \u0160eborov\u00e1","robots":{"index":"index","follow":"follow","max-snippet":"max-snippet:-1","max-image-preview":"max-image-preview:large","max-video-preview":"max-video-preview:-1"},"canonical":"https:\/\/www.mudrseborova.sk\/index.php\/contact\/","og_locale":"sk_SK","og_type":"article","og_title":"Contact &#8212; MUDr. Andrea \u0160eborov\u00e1","og_description":"Kontakt na n\u00e1s Na\u0161a ambulancia sa nach\u00e1dza na n\u00e1mest\u00ed v Modre na \u0160t\u00farovej 60. Na n\u00e1mest\u00ed je mo\u017en\u00e9 zaparkova\u0165 za [&hellip;]","og_url":"https:\/\/www.mudrseborova.sk\/index.php\/contact\/","og_site_name":"MUDr. Andrea \u0160eborov\u00e1","article_modified_time":"2019-12-22T21:55:47+00:00","twitter_card":"summary_large_image","schema":{"@context":"https:\/\/schema.org","@graph":[{"@type":"WebPage","@id":"https:\/\/www.mudrseborova.sk\/index.php\/contact\/","url":"https:\/\/www.mudrseborova.sk\/index.php\/contact\/","name":"Contact &#8212; MUDr. Andrea \u0160eborov\u00e1","isPartOf":{"@id":"https:\/\/www.mudrseborova.sk\/#website"},"datePublished":"2018-08-07T10:50:47+00:00","dateModified":"2019-12-22T21:55:47+00:00","breadcrumb":{"@id":"https:\/\/www.mudrseborova.sk\/index.php\/contact\/#breadcrumb"},"inLanguage":"sk-SK","potentialAction":[{"@type":"ReadAction","target":["https:\/\/www.mudrseborova.sk\/index.php\/contact\/"]}]},{"@type":"BreadcrumbList","@id":"https:\/\/www.mudrseborova.sk\/index.php\/contact\/#breadcrumb","itemListElement":[{"@type":"ListItem","position":1,"name":"Home","item":"https:\/\/www.mudrseborova.sk\/"},{"@type":"ListItem","position":2,"name":"Contact"}]},{"@type":"WebSite","@id":"https:\/\/www.mudrseborova.sk\/#website","url":"https:\/\/www.mudrseborova.sk\/","name":"MUDr. Andrea \u0160eborov\u00e1","description":"S\u00fakromn\u00e1 zubn\u00e1 ambulancia","publisher":{"@id":"https:\/\/www.mudrseborova.sk\/#organization"},"potentialAction":[{"@type":"SearchAction","target":{"@type":"EntryPoint","urlTemplate":"https:\/\/www.mudrseborova.sk\/?s={search_term_string}"},"query-input":{"@type":"PropertyValueSpecification","valueRequired":true,"valueName":"search_term_string"}}],"inLanguage":"sk-SK"},{"@type":"Organization","@id":"https:\/\/www.mudrseborova.sk\/#organization","name":"MUDr. Andrea \u0160eborov\u00e1 - Zubn\u00e1 ambulancia Modra","url":"https:\/\/www.mudrseborova.sk\/","logo":{"@type":"ImageObject","inLanguage":"sk-SK","@id":"https:\/\/www.mudrseborova.sk\/#\/schema\/logo\/image\/","url":"https:\/\/www.mudrseborova.sk\/wp-content\/uploads\/2020\/01\/School-of-dentistry-4.png","contentUrl":"https:\/\/www.mudrseborova.sk\/wp-content\/uploads\/2020\/01\/School-of-dentistry-4.png","width":500,"height":500,"caption":"MUDr. Andrea \u0160eborov\u00e1 - Zubn\u00e1 ambulancia Modra"},"image":{"@id":"https:\/\/www.mudrseborova.sk\/#\/schema\/logo\/image\/"}}]}},"_links":{"self":[{"href":"https:\/\/www.mudrseborova.sk\/index.php\/wp-json\/wp\/v2\/pages\/144","targetHints":{"allow":["GET"]}}],"collection":[{"href":"https:\/\/www.mudrseborova.sk\/index.php\/wp-json\/wp\/v2\/pages"}],"about":[{"href":"https:\/\/www.mudrseborova.sk\/index.php\/wp-json\/wp\/v2\/types\/page"}],"author":[{"embeddable":true,"href":"https:\/\/www.mudrseborova.sk\/index.php\/wp-json\/wp\/v2\/users\/2"}],"replies":[{"embeddable":true,"href":"https:\/\/www.mudrseborova.sk\/index.php\/wp-json\/wp\/v2\/comments?post=144"}],"version-history":[{"count":6,"href":"https:\/\/www.mudrseborova.sk\/index.php\/wp-json\/wp\/v2\/pages\/144\/revisions"}],"predecessor-version":[{"id":336,"href":"https:\/\/www.mudrseborova.sk\/index.php\/wp-json\/wp\/v2\/pages\/144\/revisions\/336"}],"wp:attachment":[{"href":"https:\/\/www.mudrseborova.sk\/index.php\/wp-json\/wp\/v2\/media?parent=144"}],"curies":[{"name":"wp","href":"https:\/\/api.w.org\/{rel}","templated":true}]}}